{"id":420,"date":"2012-08-26T17:06:44","date_gmt":"2012-08-26T15:06:44","guid":{"rendered":"http:\/\/blogs.herrrausb.de\/worldtrip2012\/?page_id=420"},"modified":"2014-09-03T20:28:36","modified_gmt":"2014-09-03T18:28:36","slug":"danke","status":"publish","type":"page","link":"http:\/\/blogs.herrrausb.de\/worldtrip2012\/?page_id=420","title":{"rendered":"Vielen Dank!"},"content":{"rendered":"<p style=\"text-align: justify;\" align=\"justify\">Ich m\u00f6chte mich bei folgenden Leuten und Unternehmen bedanken, die mir die Planung und Durchf\u00fchrung der Reise und des ganzen Drumrums erleichtert haben und dies im Verlauf der Reise noch tun werden:<\/p>\n<ul style=\"text-align: justify;\">\n<li>\n<div align=\"justify\"><span style=\"color: #d56b23;\">Sabine<\/span> und <span style=\"color: #d56b23;\">Joseph<\/span>, die das Blog bewachen, w\u00e4hrend ich unterwegs bin \u2013 sie werden haupts\u00e4chlich die Kommentare pr\u00fcfen, damit nicht irgendein Schwachsinn, unsch\u00f6ne Links oder sonstiger M\u00fcll hier rein gekippt wird.<\/div>\n<\/li>\n<li>\n<div align=\"justify\"><span style=\"color: #d56b23;\">Sophia<\/span> und <span style=\"color: #d56b23;\">Oskar<\/span>, die auf meine ganzen Pflanzen und meine Wohnung aufpassen werden.<\/div>\n<\/li>\n<li>\n<div align=\"justify\">Mein armes altes <span style=\"color: #d56b23;\">M\u00fctterchen<\/span>, welches meine ganze Post vor die T\u00fcr gekippt bekommen wird &#8211; falls DPAG und DHL der logistischen Herausforderung eines vollkommen \u00fcberteuerten Nachsendeantrags \u00fcberhaupt gewachsen sein sollten.<\/div>\n<\/li>\n<li>\n<div align=\"justify\"><span style=\"color: #d56b23;\">Rhoda<\/span>, die mir in Boston ein Dach \u00fcber dem Kopf gew\u00e4hren wird.<\/div>\n<\/li>\n<li>\n<div align=\"justify\">Die lieben <span style=\"color: #d56b23;\">Kollegen<\/span>, die meine Bl\u00fcmchen im B\u00fcro pflegen werden.<\/div>\n<\/li>\n<li>\n<div align=\"justify\">Meine <span style=\"color: #d56b23;\">Chefs<\/span>, die mir 10 Wochen Abwesenheit genehmigt haben.<\/div>\n<\/li>\n<li>\n<div align=\"justify\"><a href=\"http:\/\/www.reiseagentur-traumfaenger.de\/\" target=\"_blank\">Reiseagentur Traumf\u00e4nger<\/a>, die mir die Etappen von Berlin bis einschlie\u00dflich Neuseeland organisiert haben.<\/div>\n<\/li>\n<li>\n<div align=\"justify\"><a href=\"http:\/\/frachtschiffreisen-pfeiffer.de\/\" target=\"_blank\"><span style=\"color: #d56b23;\">Internationale Frachtschiffreisen Pfeiffer GmbH<\/span><\/a>, die mir die Frachtschiffpassage von Napier nach Philadelphia vermittelt haben.*<\/div>\n<\/li>\n<li>Die <a title=\"Open Street Map\" href=\"http:\/\/www.openstreetmap.org\/\" target=\"_blank\">OSM Community<\/a>, durch die ich die M\u00f6glichkeit habe, stressfrei <a title=\"GPS Track\" href=\"http:\/\/blogs.herrrausb.de\/worldtrip2012\/?page_id=394\">\u00dcbersichtskarten<\/a> in dieses Blog einzubauen.<\/li>\n<li><a title=\"Marine Traffic\" href=\"http:\/\/www.marinetraffic.com\/ais\/default.aspx\" target=\"_blank\">MarineTraffic.com<\/a>, mit deren Hilfe ich die <a title=\"CMA CGM Matisse\" href=\"http:\/\/blogs.herrrausb.de\/worldtrip2012\/?page_id=326\">Position der CMA CGM Matisse <\/a>anzeigen kann.<\/li>\n<li>Die wunderbare <span style=\"color: #d56b23;\">Frau Briese<\/span>, die mir diese sch\u00f6ne Sonnenbrille verpasst hat.<\/li>\n<li>Georgious flight attendence <span style=\"color: #d56b23;\">Alberte<\/span> from British Airways, who got me a much better seating und hence saved my day! I would have died in that middle seat!<\/li>\n<li>Charming Maori flight attendence <span style=\"color: #d56b23;\">Owen<\/span> from Quantas, who gave me directions and recommendations how to come in contact with the Maori whithout behaving too touristy.<\/li>\n<li><span style=\"color: #d56b23;\">Dr. Richmond and nurses<\/span> from Sydney Medical Center on George Street, who gave me shelter and took good care of that bronchitis I caught somewhere between London and Singapore&#8230;<\/li>\n<li>Multi-lingual coach captain and multi-skilled entertainer <span style=\"color: #d56b23;\">Ben<\/span>, who showed us around in Sydney all the day and gave us tons of useful and interesting information. No, Mr. Ben &#8211; it was definately not boring, but instead very enlightning!<\/li>\n<li><a title=\"Trevor &amp; Andrew\" href=\"http:\/\/blogs.herrrausb.de\/worldtrip2012\/?p=869\">Trevor and Andrew<\/a> of Kirra, who showed us around on the southern island &#8211; what a great ride!<\/li>\n<\/ul>\n<p>&nbsp;<\/p>\n","protected":false},"excerpt":{"rendered":"<p>Ich m\u00f6chte mich bei folgenden Leuten und Unternehmen bedanken, die mir die Planung und Durchf\u00fchrung der Reise und des ganzen Drumrums erleichtert haben und dies im Verlauf der Reise noch tun werden: Sabine und Joseph, die das Blog bewachen, w\u00e4hrend &hellip; <a href=\"http:\/\/blogs.herrrausb.de\/worldtrip2012\/?page_id=420\">Weiterlesen <span class=\"meta-nav\">&rarr;<\/span><\/a><\/p>\n","protected":false},"author":1,"featured_media":0,"parent":0,"menu_order":0,"comment_status":"closed","ping_status":"closed","template":"","meta":{"ngg_post_thumbnail":0,"footnotes":""},"class_list":["post-420","page","type-page","status-publish","hentry"],"_links":{"self":[{"href":"http:\/\/blogs.herrrausb.de\/worldtrip2012\/index.php?rest_route=\/wp\/v2\/pages\/420","targetHints":{"allow":["GET"]}}],"collection":[{"href":"http:\/\/blogs.herrrausb.de\/worldtrip2012\/index.php?rest_route=\/wp\/v2\/pages"}],"about":[{"href":"http:\/\/blogs.herrrausb.de\/worldtrip2012\/index.php?rest_route=\/wp\/v2\/types\/page"}],"author":[{"embeddable":true,"href":"http:\/\/blogs.herrrausb.de\/worldtrip2012\/index.php?rest_route=\/wp\/v2\/users\/1"}],"replies":[{"embeddable":true,"href":"http:\/\/blogs.herrrausb.de\/worldtrip2012\/index.php?rest_route=%2Fwp%2Fv2%2Fcomments&post=420"}],"version-history":[{"count":41,"href":"http:\/\/blogs.herrrausb.de\/worldtrip2012\/index.php?rest_route=\/wp\/v2\/pages\/420\/revisions"}],"predecessor-version":[{"id":1292,"href":"http:\/\/blogs.herrrausb.de\/worldtrip2012\/index.php?rest_route=\/wp\/v2\/pages\/420\/revisions\/1292"}],"wp:attachment":[{"href":"http:\/\/blogs.herrrausb.de\/worldtrip2012\/index.php?rest_route=%2Fwp%2Fv2%2Fmedia&parent=420"}],"curies":[{"name":"wp","href":"https:\/\/api.w.org\/{rel}","templated":true}]}}